{"id":3073,"date":"2025-01-24T04:51:43","date_gmt":"2025-01-24T04:51:43","guid":{"rendered":"https:\/\/greenplayers.com.mx\/?page_id=3073"},"modified":"2025-01-24T04:59:14","modified_gmt":"2025-01-24T04:59:14","slug":"politica-de-privacidad","status":"publish","type":"page","link":"https:\/\/greenplayers.com.mx\/?page_id=3073","title":{"rendered":"Politica de privacidad"},"content":{"rendered":"\t\t<div data-elementor-type=\"wp-page\" data-elementor-id=\"3073\" class=\"elementor elementor-3073\">\n\t\t\t\t<div class=\"elementor-element elementor-element-16e07d9 e-flex e-con-boxed e-con e-parent\" data-id=\"16e07d9\" data-element_type=\"container\" data-settings=\"{&quot;content_width&quot;:&quot;boxed&quot;}\" data-core-v316-plus=\"true\">\n\t\t\t\t\t<div class=\"e-con-inner\">\n\t\t\t\t<div class=\"elementor-element elementor-element-6135489 elementor-widget elementor-widget-text-editor\" data-id=\"6135489\" data-element_type=\"widget\" data-widget_type=\"text-editor.default\">\n\t\t\t\t<div class=\"elementor-widget-container\">\n\t\t\t<style>\/*! elementor - v3.19.0 - 29-01-2024 *\/\n.elementor-widget-text-editor.elementor-drop-cap-view-stacked .elementor-drop-cap{background-color:#69727d;color:#fff}.elementor-widget-text-editor.elementor-drop-cap-view-framed .elementor-drop-cap{color:#69727d;border:3px solid;background-color:transparent}.elementor-widget-text-editor:not(.elementor-drop-cap-view-default) .elementor-drop-cap{margin-top:8px}.elementor-widget-text-editor:not(.elementor-drop-cap-view-default) .elementor-drop-cap-letter{width:1em;height:1em}.elementor-widget-text-editor .elementor-drop-cap{float:left;text-align:center;line-height:1;font-size:50px}.elementor-widget-text-editor .elementor-drop-cap-letter{display:inline-block}<\/style>\t\t\t\t<p>De conformidad con lo establecido en la Ley Federal de Protecci\u00f3n de Datos Personales en Posesi\u00f3n de los Particulares, Green Players\u00a0 pone a su disposici\u00f3n el siguiente aviso de privacidad. \u00a0<\/p>\t\t\t\t\t\t<\/div>\n\t\t\t\t<\/div>\n\t\t\t\t\t<\/div>\n\t\t\t\t<\/div>\n\t\t<div class=\"elementor-element elementor-element-c678af6 e-flex e-con-boxed e-con e-parent\" data-id=\"c678af6\" data-element_type=\"container\" data-settings=\"{&quot;content_width&quot;:&quot;boxed&quot;}\" data-core-v316-plus=\"true\">\n\t\t\t\t\t<div class=\"e-con-inner\">\n\t\t\t\t<div class=\"elementor-element elementor-element-fa5eacb elementor-widget elementor-widget-heading\" data-id=\"fa5eacb\" data-element_type=\"widget\" data-widget_type=\"heading.default\">\n\t\t\t\t<div class=\"elementor-widget-container\">\n\t\t\t<style>\/*! elementor - v3.19.0 - 29-01-2024 *\/\n.elementor-heading-title{padding:0;margin:0;line-height:1}.elementor-widget-heading .elementor-heading-title[class*=elementor-size-]>a{color:inherit;font-size:inherit;line-height:inherit}.elementor-widget-heading .elementor-heading-title.elementor-size-small{font-size:15px}.elementor-widget-heading .elementor-heading-title.elementor-size-medium{font-size:19px}.elementor-widget-heading .elementor-heading-title.elementor-size-large{font-size:29px}.elementor-widget-heading .elementor-heading-title.elementor-size-xl{font-size:39px}.elementor-widget-heading .elementor-heading-title.elementor-size-xxl{font-size:59px}<\/style><h2 class=\"elementor-heading-title elementor-size-default\">Introducci\u00f3n<\/h2>\t\t<\/div>\n\t\t\t\t<\/div>\n\t\t\t\t\t<\/div>\n\t\t\t\t<\/div>\n\t\t<div class=\"elementor-element elementor-element-30190c1 e-flex e-con-boxed e-con e-parent\" data-id=\"30190c1\" data-element_type=\"container\" data-settings=\"{&quot;content_width&quot;:&quot;boxed&quot;}\" data-core-v316-plus=\"true\">\n\t\t\t\t\t<div class=\"e-con-inner\">\n\t\t\t\t<div class=\"elementor-element elementor-element-e6494e5 elementor-widget elementor-widget-text-editor\" data-id=\"e6494e5\" data-element_type=\"widget\" data-widget_type=\"text-editor.default\">\n\t\t\t\t<div class=\"elementor-widget-container\">\n\t\t\t\t\t\t\t<p>En Green Players, nos comprometemos a proteger su privacidad y garantizar que su informaci\u00f3n personal est\u00e9 protegida. Esta Pol\u00edtica de Privacidad describe c\u00f3mo recopilamos, utilizamos, divulgamos y protegemos su informaci\u00f3n personal cuando visita nuestro sitio web www.greenplayers.com.mx<\/p>\t\t\t\t\t\t<\/div>\n\t\t\t\t<\/div>\n\t\t\t\t\t<\/div>\n\t\t\t\t<\/div>\n\t\t<div class=\"elementor-element elementor-element-bb070ed e-flex e-con-boxed e-con e-parent\" data-id=\"bb070ed\" data-element_type=\"container\" data-settings=\"{&quot;content_width&quot;:&quot;boxed&quot;}\" data-core-v316-plus=\"true\">\n\t\t\t\t\t<div class=\"e-con-inner\">\n\t\t\t\t<div class=\"elementor-element elementor-element-f280a15 elementor-widget elementor-widget-heading\" data-id=\"f280a15\" data-element_type=\"widget\" data-widget_type=\"heading.default\">\n\t\t\t\t<div class=\"elementor-widget-container\">\n\t\t\t<h2 class=\"elementor-heading-title elementor-size-default\">Informaci\u00f3n que Recopilamos<\/h2>\t\t<\/div>\n\t\t\t\t<\/div>\n\t\t\t\t\t<\/div>\n\t\t\t\t<\/div>\n\t\t<div class=\"elementor-element elementor-element-c454291 e-flex e-con-boxed e-con e-parent\" data-id=\"c454291\" data-element_type=\"container\" data-settings=\"{&quot;content_width&quot;:&quot;boxed&quot;}\" data-core-v316-plus=\"true\">\n\t\t\t\t\t<div class=\"e-con-inner\">\n\t\t\t\t<div class=\"elementor-element elementor-element-5e82bcd elementor-widget elementor-widget-text-editor\" data-id=\"5e82bcd\" data-element_type=\"widget\" data-widget_type=\"text-editor.default\">\n\t\t\t\t<div class=\"elementor-widget-container\">\n\t\t\t\t\t\t\t<ul><li><strong>Informaci\u00f3n Personal:<\/strong> Podemos recopilar informaci\u00f3n que lo identifica directamente, como su nombre, direcci\u00f3n de correo electr\u00f3nico, n\u00famero de tel\u00e9fono y cualquier otra informaci\u00f3n que nos proporcione voluntariamente.<\/li><li><strong>Informaci\u00f3n No Personal:<\/strong> Recopilamos autom\u00e1ticamente cierta informaci\u00f3n no personal cuando usted visita el Sitio, como su direcci\u00f3n IP, el tipo de navegador, el sistema operativo, las p\u00e1ginas web que ha visitado, el tiempo y la fecha de su visita y otras estad\u00edsticas.<\/li><\/ul>\t\t\t\t\t\t<\/div>\n\t\t\t\t<\/div>\n\t\t\t\t\t<\/div>\n\t\t\t\t<\/div>\n\t\t<div class=\"elementor-element elementor-element-c1bcbbd e-flex e-con-boxed e-con e-parent\" data-id=\"c1bcbbd\" data-element_type=\"container\" data-settings=\"{&quot;content_width&quot;:&quot;boxed&quot;}\" data-core-v316-plus=\"true\">\n\t\t\t\t\t<div class=\"e-con-inner\">\n\t\t\t\t<div class=\"elementor-element elementor-element-5839f24 elementor-widget elementor-widget-heading\" data-id=\"5839f24\" data-element_type=\"widget\" data-widget_type=\"heading.default\">\n\t\t\t\t<div class=\"elementor-widget-container\">\n\t\t\t<h2 class=\"elementor-heading-title elementor-size-default\">C\u00f3mo Utilizamos su Informaci\u00f3n<\/h2>\t\t<\/div>\n\t\t\t\t<\/div>\n\t\t\t\t\t<\/div>\n\t\t\t\t<\/div>\n\t\t<div class=\"elementor-element elementor-element-2963b16 e-flex e-con-boxed e-con e-parent\" data-id=\"2963b16\" data-element_type=\"container\" data-settings=\"{&quot;content_width&quot;:&quot;boxed&quot;}\" data-core-v316-plus=\"true\">\n\t\t\t\t\t<div class=\"e-con-inner\">\n\t\t\t\t<div class=\"elementor-element elementor-element-b14ced8 elementor-widget elementor-widget-text-editor\" data-id=\"b14ced8\" data-element_type=\"widget\" data-widget_type=\"text-editor.default\">\n\t\t\t\t<div class=\"elementor-widget-container\">\n\t\t\t\t\t\t\t<p>Utilizamos la informaci\u00f3n que recopilamos para los siguientes fines:<\/p><ul><li>Proveer y mantener el Sitio.<\/li><li>Enviar boletines informativos, promociones y materiales de marketing relacionados con nuestras actividades e iniciativas y las de otras empresas.<\/li><li>Mejorar nuestro Sitio, productos y servicios.<\/li><li>Responder a sus preguntas, comentarios y solicitudes.<\/li><li>Cumplir con obligaciones legales y proteger nuestros derechos.<\/li><\/ul>\t\t\t\t\t\t<\/div>\n\t\t\t\t<\/div>\n\t\t\t\t\t<\/div>\n\t\t\t\t<\/div>\n\t\t<div class=\"elementor-element elementor-element-8b3afa2 e-flex e-con-boxed e-con e-parent\" data-id=\"8b3afa2\" data-element_type=\"container\" data-settings=\"{&quot;content_width&quot;:&quot;boxed&quot;}\" data-core-v316-plus=\"true\">\n\t\t\t\t\t<div class=\"e-con-inner\">\n\t\t\t\t<div class=\"elementor-element elementor-element-0ef2d2c elementor-widget elementor-widget-heading\" data-id=\"0ef2d2c\" data-element_type=\"widget\" data-widget_type=\"heading.default\">\n\t\t\t\t<div class=\"elementor-widget-container\">\n\t\t\t<h2 class=\"elementor-heading-title elementor-size-default\">Compartir su Informaci\u00f3n<\/h2>\t\t<\/div>\n\t\t\t\t<\/div>\n\t\t\t\t\t<\/div>\n\t\t\t\t<\/div>\n\t\t<div class=\"elementor-element elementor-element-a1f6c04 e-flex e-con-boxed e-con e-parent\" data-id=\"a1f6c04\" data-element_type=\"container\" data-settings=\"{&quot;content_width&quot;:&quot;boxed&quot;}\" data-core-v316-plus=\"true\">\n\t\t\t\t\t<div class=\"e-con-inner\">\n\t\t\t\t<div class=\"elementor-element elementor-element-a915ee0 elementor-widget elementor-widget-text-editor\" data-id=\"a915ee0\" data-element_type=\"widget\" data-widget_type=\"text-editor.default\">\n\t\t\t\t<div class=\"elementor-widget-container\">\n\t\t\t\t\t\t\t<p>No vendemos ni alquilamos su informaci\u00f3n personal a terceros. Podemos compartir su informaci\u00f3n con terceros en las siguientes circunstancias:<\/p><ul><li style=\"list-style-type: none;\"><ul><li><strong>Con Proveedores de Servicios:<\/strong> Podemos compartir su informaci\u00f3n con proveedores de servicios de terceros que realizan servicios en nuestro nombre, como alojamiento web, an\u00e1lisis de datos, servicio al cliente y asistencia de marketing.<\/li><li><strong>Para Cumplir con la Ley:<\/strong> Podemos divulgar su informaci\u00f3n cuando creamos que es necesario para cumplir con la ley, una orden judicial o un proceso legal, o para proteger nuestros derechos, propiedad o seguridad.<\/li><li><strong>Con Empresas Asociadas:<\/strong> Podemos compartir informaci\u00f3n sobre actividades e iniciativas de otras empresas, pero solo en la medida en que sea necesario para proporcionar los servicios del Sitio.<\/li><\/ul><\/li><\/ul>\t\t\t\t\t\t<\/div>\n\t\t\t\t<\/div>\n\t\t\t\t\t<\/div>\n\t\t\t\t<\/div>\n\t\t<div class=\"elementor-element elementor-element-a281915 e-flex e-con-boxed e-con e-parent\" data-id=\"a281915\" data-element_type=\"container\" data-settings=\"{&quot;content_width&quot;:&quot;boxed&quot;}\" data-core-v316-plus=\"true\">\n\t\t\t\t\t<div class=\"e-con-inner\">\n\t\t\t\t<div class=\"elementor-element elementor-element-3de6366 elementor-widget elementor-widget-heading\" data-id=\"3de6366\" data-element_type=\"widget\" data-widget_type=\"heading.default\">\n\t\t\t\t<div class=\"elementor-widget-container\">\n\t\t\t<h2 class=\"elementor-heading-title elementor-size-default\">Seguridad de la Informaci\u00f3n<\/h2>\t\t<\/div>\n\t\t\t\t<\/div>\n\t\t\t\t\t<\/div>\n\t\t\t\t<\/div>\n\t\t<div class=\"elementor-element elementor-element-e091f8f e-flex e-con-boxed e-con e-parent\" data-id=\"e091f8f\" data-element_type=\"container\" data-settings=\"{&quot;content_width&quot;:&quot;boxed&quot;}\" data-core-v316-plus=\"true\">\n\t\t\t\t\t<div class=\"e-con-inner\">\n\t\t\t\t<div class=\"elementor-element elementor-element-1381079 elementor-widget elementor-widget-text-editor\" data-id=\"1381079\" data-element_type=\"widget\" data-widget_type=\"text-editor.default\">\n\t\t\t\t<div class=\"elementor-widget-container\">\n\t\t\t\t\t\t\t<p>Implementamos medidas de seguridad razonables para proteger su informaci\u00f3n personal del acceso, uso o divulgaci\u00f3n no autorizados. Sin embargo, ning\u00fan m\u00e9todo de transmisi\u00f3n por internet o almacenamiento electr\u00f3nico es completamente seguro, por lo que no podemos garantizar su absoluta seguridad.<\/p>\t\t\t\t\t\t<\/div>\n\t\t\t\t<\/div>\n\t\t\t\t\t<\/div>\n\t\t\t\t<\/div>\n\t\t<div class=\"elementor-element elementor-element-d2fcaa4 e-flex e-con-boxed e-con e-parent\" data-id=\"d2fcaa4\" data-element_type=\"container\" data-settings=\"{&quot;content_width&quot;:&quot;boxed&quot;}\" data-core-v316-plus=\"true\">\n\t\t\t\t\t<div class=\"e-con-inner\">\n\t\t\t\t<div class=\"elementor-element elementor-element-d2d1062 elementor-widget elementor-widget-heading\" data-id=\"d2d1062\" data-element_type=\"widget\" data-widget_type=\"heading.default\">\n\t\t\t\t<div class=\"elementor-widget-container\">\n\t\t\t<h2 class=\"elementor-heading-title elementor-size-default\">Sus Derechos y Opciones<\/h2>\t\t<\/div>\n\t\t\t\t<\/div>\n\t\t\t\t\t<\/div>\n\t\t\t\t<\/div>\n\t\t<div class=\"elementor-element elementor-element-727bfae e-flex e-con-boxed e-con e-parent\" data-id=\"727bfae\" data-element_type=\"container\" data-settings=\"{&quot;content_width&quot;:&quot;boxed&quot;}\" data-core-v316-plus=\"true\">\n\t\t\t\t\t<div class=\"e-con-inner\">\n\t\t\t\t<div class=\"elementor-element elementor-element-e4f3ac8 elementor-widget elementor-widget-text-editor\" data-id=\"e4f3ac8\" data-element_type=\"widget\" data-widget_type=\"text-editor.default\">\n\t\t\t\t<div class=\"elementor-widget-container\">\n\t\t\t\t\t\t\t<p>Usted tiene en todo momento el derecho a conocer qu\u00e9 datos personales tenemos de usted, para que los utilizamos y las condiciones del uso que les damos (Acceso). Asimismo, es su derecho solicitar la correcci\u00f3n de su informaci\u00f3n personal en caso de que est\u00e9 desactualizada, sea inexacta o incompleta (Rectificaci\u00f3n); de igual manera, tiene derecho a que su informaci\u00f3n se elimine de nuestros registros o bases de datos cuando considere que la misma no est\u00e1 siendo utilizada adecuadamente (Cancelaci\u00f3n); as\u00ed como tambi\u00e9n a oponerse al uso de sus datos personales para fines espec\u00edficos (Oposici\u00f3n). Estos derechos se conocen como derechos ARCO.\u00a0<\/p><p>\u00a0<\/p><p>Para el ejercicio de cualquiera de los derechos ARCO, se deber\u00e1 presentar la solicitud respectiva a trav\u00e9s del siguiente correo electr\u00f3nico: contacto@greenplayers.com<\/p><p>\u00a0<\/p><p>Usted tiene\u00a0 derechos en relaci\u00f3n con su informaci\u00f3n personal, incluidos:<\/p><ul><li><strong>Acceso y Correcci\u00f3n:<\/strong> Puede acceder y corregir su informaci\u00f3n personal contact\u00e1ndonos a trav\u00e9s de los medios indicados m\u00e1s adelante.<\/li><li><strong>Opciones de Marketing:<\/strong> Puede optar por no recibir comunicaciones promocionales siguiendo las instrucciones de cancelaci\u00f3n de suscripci\u00f3n en esos correos electr\u00f3nicos.<\/li><li><strong>Eliminaci\u00f3n de Datos:<\/strong> Puede solicitar la eliminaci\u00f3n de su informaci\u00f3n personal, sujeto a ciertas excepciones.<\/li><\/ul><p>Cabe mencionar, que en cualquier momento usted puede revocar su consentimiento para el uso de sus datos personales. Del mismo modo, usted puede revocar el consentimiento que, en su caso, nos haya otorgado para el tratamiento de sus datos personales.<\/p><p>Nuestro Sitio puede contener enlaces a otros sitios web que no son operados por nosotros. No tenemos control sobre el contenido y las pr\u00e1cticas de privacidad de esos sitios y no somos responsables de su contenido ni de sus pol\u00edticas de privacidad.<\/p><p>\u00a0<\/p><p>Green Players se reserva el derecho, bajo su exclusiva discreci\u00f3n, de cambiar, modificar, agregar o eliminar partes del presente Aviso de Privacidad en cualquier momento. Derivado de novedades legislativas, pol\u00edticas internas o nuevos requerimientos para la prestaci\u00f3n u ofrecimiento de nuestros servicios, el presente Aviso de Privacidad estar\u00e1 sujeto a modificaciones o actualizaciones. En tal caso, Green Players publicar\u00e1 dichas modificaciones en el sitio: <a href=\"http:\/\/www.greenplayers.com.mx\/\">www.greenplayers.com.mx<\/a> e indicar\u00e1 la fecha de \u00faltima versi\u00f3n del aviso. Le recomendamos revisar peri\u00f3dicamente esta p\u00e1gina con la finalidad de informarse si ocurre alg\u00fan cambio al presente.<\/p><h3>\u00a0<\/h3><p>De cambios en nuestro modelo de negocio, o por otras causas, por lo cual, nos comprometemos a mantenerlo informado sobre los cambios que pueda sufrir el presente aviso de privacidad, sin embargo, usted puede solicitar informaci\u00f3n sobre si el mismo ha sufrido alg\u00fan cambio a trav\u00e9s del siguiente correo electr\u00f3nico: contacto@greenplayers.com<\/p><p>\u00a0<\/p>\t\t\t\t\t\t<\/div>\n\t\t\t\t<\/div>\n\t\t\t\t\t<\/div>\n\t\t\t\t<\/div>\n\t\t\t\t<\/div>\n\t\t","protected":false},"excerpt":{"rendered":"<p>De conformidad con lo establecido en la Ley Federal de Protecci\u00f3n de Datos Personales en Posesi\u00f3n de los Particulares, Green Players\u00a0 pone a su disposici\u00f3n el siguiente aviso de privacidad. \u00a0 Introducci\u00f3n En Green Players, nos comprometemos a proteger su privacidad y garantizar que su informaci\u00f3n personal est\u00e9 protegida. Esta Pol\u00edtica de Privacidad describe c\u00f3mo [&hellip;]<\/p>\n","protected":false},"author":2,"featured_media":0,"parent":0,"menu_order":0,"comment_status":"closed","ping_status":"closed","template":"","meta":{"footnotes":""},"class_list":["post-3073","page","type-page","status-publish","hentry"],"acf":[],"_links":{"self":[{"href":"https:\/\/greenplayers.com.mx\/index.php?rest_route=\/wp\/v2\/pages\/3073","targetHints":{"allow":["GET"]}}],"collection":[{"href":"https:\/\/greenplayers.com.mx\/index.php?rest_route=\/wp\/v2\/pages"}],"about":[{"href":"https:\/\/greenplayers.com.mx\/index.php?rest_route=\/wp\/v2\/types\/page"}],"author":[{"embeddable":true,"href":"https:\/\/greenplayers.com.mx\/index.php?rest_route=\/wp\/v2\/users\/2"}],"replies":[{"embeddable":true,"href":"https:\/\/greenplayers.com.mx\/index.php?rest_route=%2Fwp%2Fv2%2Fcomments&post=3073"}],"version-history":[{"count":10,"href":"https:\/\/greenplayers.com.mx\/index.php?rest_route=\/wp\/v2\/pages\/3073\/revisions"}],"predecessor-version":[{"id":3083,"href":"https:\/\/greenplayers.com.mx\/index.php?rest_route=\/wp\/v2\/pages\/3073\/revisions\/3083"}],"wp:attachment":[{"href":"https:\/\/greenplayers.com.mx\/index.php?rest_route=%2Fwp%2Fv2%2Fmedia&parent=3073"}],"curies":[{"name":"wp","href":"https:\/\/api.w.org\/{rel}","templated":true}]}}